{"id":425,"date":"2024-01-05T14:02:13","date_gmt":"2024-01-05T13:02:13","guid":{"rendered":"http:\/\/hurt-hawenex.pl\/?post_type=product&#038;p=425"},"modified":"2024-01-05T14:02:13","modified_gmt":"2024-01-05T13:02:13","slug":"carla-berry-torebka-damska-5","status":"publish","type":"product","link":"http:\/\/hurt-hawenex.pl\/?product=carla-berry-torebka-damska-5","title":{"rendered":"Carla Berry- Torebka damska"},"content":{"rendered":"<p>21025 \/ Wymiary: D\u0142ugo\u015b\u0107- 30 cm Wysoko\u015b\u0107- 36 cm Szeroko\u015b\u0107- 14 cm<\/p>\n","protected":false},"excerpt":{"rendered":"<p>21025 \/ Wymiary: D\u0142ugo\u015b\u0107- 30 cm Wysoko\u015b\u0107- 36 cm Szeroko\u015b\u0107- 14 cm<\/p>\n","protected":false},"featured_media":426,"comment_status":"open","ping_status":"closed","template":"","meta":[],"product_brand":[],"product_cat":[33],"product_tag":[],"class_list":{"0":"post-425","1":"product","2":"type-product","3":"status-publish","4":"has-post-thumbnail","6":"product_cat-carla-berry","8":"first","9":"instock","10":"shipping-taxable","11":"purchasable","12":"product-type-simple"},"jetpack_sharing_enabled":true,"_links":{"self":[{"href":"http:\/\/hurt-hawenex.pl\/index.php?rest_route=\/wp\/v2\/product\/425","targetHints":{"allow":["GET"]}}],"collection":[{"href":"http:\/\/hurt-hawenex.pl\/index.php?rest_route=\/wp\/v2\/product"}],"about":[{"href":"http:\/\/hurt-hawenex.pl\/index.php?rest_route=\/wp\/v2\/types\/product"}],"replies":[{"embeddable":true,"href":"http:\/\/hurt-hawenex.pl\/index.php?rest_route=%2Fwp%2Fv2%2Fcomments&post=425"}],"wp:featuredmedia":[{"embeddable":true,"href":"http:\/\/hurt-hawenex.pl\/index.php?rest_route=\/wp\/v2\/media\/426"}],"wp:attachment":[{"href":"http:\/\/hurt-hawenex.pl\/index.php?rest_route=%2Fwp%2Fv2%2Fmedia&parent=425"}],"wp:term":[{"taxonomy":"product_brand","embeddable":true,"href":"http:\/\/hurt-hawenex.pl\/index.php?rest_route=%2Fwp%2Fv2%2Fproduct_brand&post=425"},{"taxonomy":"product_cat","embeddable":true,"href":"http:\/\/hurt-hawenex.pl\/index.php?rest_route=%2Fwp%2Fv2%2Fproduct_cat&post=425"},{"taxonomy":"product_tag","embeddable":true,"href":"http:\/\/hurt-hawenex.pl\/index.php?rest_route=%2Fwp%2Fv2%2Fproduct_tag&post=425"}],"curies":[{"name":"wp","href":"https:\/\/api.w.org\/{rel}","templated":true}]}}