{"id":427,"date":"2024-01-05T14:09:30","date_gmt":"2024-01-05T13:09:30","guid":{"rendered":"http:\/\/hurt-hawenex.pl\/?post_type=product&#038;p=427"},"modified":"2025-06-25T11:14:42","modified_gmt":"2025-06-25T09:14:42","slug":"carla-berry-torebka-damska-6","status":"publish","type":"product","link":"http:\/\/hurt-hawenex.pl\/?product=carla-berry-torebka-damska-6","title":{"rendered":"Carla Berry- Torebka damska"},"content":{"rendered":"<p>23161 \/ Wymiary: D\u0142ugo\u015b\u0107- 27 cm Wysoko\u015b\u0107- 27 cm Szeroko\u015b\u0107- 8 cm<\/p>\n","protected":false},"excerpt":{"rendered":"<p>23161 \/ Wymiary: D\u0142ugo\u015b\u0107- 27 cm Wysoko\u015b\u0107- 27 cm Szeroko\u015b\u0107- 8 cm<\/p>\n","protected":false},"featured_media":428,"comment_status":"open","ping_status":"closed","template":"","meta":[],"product_brand":[],"product_cat":[33],"product_tag":[],"class_list":{"0":"post-427","1":"product","2":"type-product","3":"status-publish","4":"has-post-thumbnail","6":"product_cat-carla-berry","8":"first","9":"instock","10":"shipping-taxable","11":"purchasable","12":"product-type-simple"},"jetpack_sharing_enabled":true,"_links":{"self":[{"href":"http:\/\/hurt-hawenex.pl\/index.php?rest_route=\/wp\/v2\/product\/427","targetHints":{"allow":["GET"]}}],"collection":[{"href":"http:\/\/hurt-hawenex.pl\/index.php?rest_route=\/wp\/v2\/product"}],"about":[{"href":"http:\/\/hurt-hawenex.pl\/index.php?rest_route=\/wp\/v2\/types\/product"}],"replies":[{"embeddable":true,"href":"http:\/\/hurt-hawenex.pl\/index.php?rest_route=%2Fwp%2Fv2%2Fcomments&post=427"}],"wp:featuredmedia":[{"embeddable":true,"href":"http:\/\/hurt-hawenex.pl\/index.php?rest_route=\/wp\/v2\/media\/428"}],"wp:attachment":[{"href":"http:\/\/hurt-hawenex.pl\/index.php?rest_route=%2Fwp%2Fv2%2Fmedia&parent=427"}],"wp:term":[{"taxonomy":"product_brand","embeddable":true,"href":"http:\/\/hurt-hawenex.pl\/index.php?rest_route=%2Fwp%2Fv2%2Fproduct_brand&post=427"},{"taxonomy":"product_cat","embeddable":true,"href":"http:\/\/hurt-hawenex.pl\/index.php?rest_route=%2Fwp%2Fv2%2Fproduct_cat&post=427"},{"taxonomy":"product_tag","embeddable":true,"href":"http:\/\/hurt-hawenex.pl\/index.php?rest_route=%2Fwp%2Fv2%2Fproduct_tag&post=427"}],"curies":[{"name":"wp","href":"https:\/\/api.w.org\/{rel}","templated":true}]}}