{"id":431,"date":"2024-01-05T14:24:17","date_gmt":"2024-01-05T13:24:17","guid":{"rendered":"http:\/\/hurt-hawenex.pl\/?post_type=product&#038;p=431"},"modified":"2026-01-07T18:43:41","modified_gmt":"2026-01-07T17:43:41","slug":"carla-berry-torebka-damska-8","status":"publish","type":"product","link":"http:\/\/hurt-hawenex.pl\/?product=carla-berry-torebka-damska-8","title":{"rendered":"Carla Berry- Torebka damska"},"content":{"rendered":"<div class=\"wp-block-post-excerpt\">\n<p class=\"wp-block-post-excerpt__excerpt\">F 21025 \/ Wymiary: D\u0142ugo\u015b\u0107- 32 cm Wysoko\u015b\u0107- 36 cm Szeroko\u015b\u0107- 14 cm<\/p>\n<\/div>\n<div class=\"wp-block-add-to-cart-form wc-block-add-to-cart-form   \" data-block-name=\"woocommerce\/add-to-cart-form\">\n<form class=\"cart\" action=\"http:\/\/hurt-hawenex.pl\/?product=carla-berry-torebka-damska\" enctype=\"multipart\/form-data\" method=\"post\">\n<div class=\"quantity\"><\/div>\n<\/form>\n<\/div>\n","protected":false},"excerpt":{"rendered":"<p>F 21025 \/ Wymiary: D\u0142ugo\u015b\u0107- 32 cm Wysoko\u015b\u0107- 36 cm Szeroko\u015b\u0107- 14 cm<\/p>\n","protected":false},"featured_media":432,"comment_status":"open","ping_status":"closed","template":"","meta":[],"product_brand":[],"product_cat":[33],"product_tag":[],"class_list":{"0":"post-431","1":"product","2":"type-product","3":"status-publish","4":"has-post-thumbnail","6":"product_cat-carla-berry","8":"first","9":"instock","10":"shipping-taxable","11":"purchasable","12":"product-type-simple"},"jetpack_sharing_enabled":true,"_links":{"self":[{"href":"http:\/\/hurt-hawenex.pl\/index.php?rest_route=\/wp\/v2\/product\/431","targetHints":{"allow":["GET"]}}],"collection":[{"href":"http:\/\/hurt-hawenex.pl\/index.php?rest_route=\/wp\/v2\/product"}],"about":[{"href":"http:\/\/hurt-hawenex.pl\/index.php?rest_route=\/wp\/v2\/types\/product"}],"replies":[{"embeddable":true,"href":"http:\/\/hurt-hawenex.pl\/index.php?rest_route=%2Fwp%2Fv2%2Fcomments&post=431"}],"wp:featuredmedia":[{"embeddable":true,"href":"http:\/\/hurt-hawenex.pl\/index.php?rest_route=\/wp\/v2\/media\/432"}],"wp:attachment":[{"href":"http:\/\/hurt-hawenex.pl\/index.php?rest_route=%2Fwp%2Fv2%2Fmedia&parent=431"}],"wp:term":[{"taxonomy":"product_brand","embeddable":true,"href":"http:\/\/hurt-hawenex.pl\/index.php?rest_route=%2Fwp%2Fv2%2Fproduct_brand&post=431"},{"taxonomy":"product_cat","embeddable":true,"href":"http:\/\/hurt-hawenex.pl\/index.php?rest_route=%2Fwp%2Fv2%2Fproduct_cat&post=431"},{"taxonomy":"product_tag","embeddable":true,"href":"http:\/\/hurt-hawenex.pl\/index.php?rest_route=%2Fwp%2Fv2%2Fproduct_tag&post=431"}],"curies":[{"name":"wp","href":"https:\/\/api.w.org\/{rel}","templated":true}]}}